{"id":14,"date":"2014-02-06T23:17:26","date_gmt":"2014-02-06T21:17:26","guid":{"rendered":"http:\/\/www.neopostmoderne.de\/?page_id=14"},"modified":"2022-12-16T11:25:56","modified_gmt":"2022-12-16T09:25:56","slug":"impressum","status":"publish","type":"page","link":"https:\/\/www.neopostmoderne.de\/?page_id=14","title":{"rendered":"Impressum"},"content":{"rendered":"<p><br role=\"presentation\" \/><span dir=\"ltr\" role=\"presentation\">Angaben gem\u00e4\u00df \u00a7 5 TMG<\/span><br role=\"presentation\" \/><span dir=\"ltr\" role=\"presentation\">Anton Kornd\u00f6rfer<\/span><br role=\"presentation\" \/><span dir=\"ltr\" role=\"presentation\">Kamillenweg 47<\/span><br role=\"presentation\" \/><span dir=\"ltr\" role=\"presentation\">50858 K\u00f6ln<\/span><br role=\"presentation\" \/><span dir=\"ltr\" role=\"presentation\">Kontakt<\/span><br role=\"presentation\" \/><span dir=\"ltr\" role=\"presentation\">Telefon: 0171-177 06 88<\/span><br role=\"presentation\" \/><span dir=\"ltr\" role=\"presentation\">E-Mail: informant (KLAMMERAFFE) neopostmoderne.de<\/span><br role=\"presentation\" \/><span dir=\"ltr\" role=\"presentation\">Redaktionell verantwortlich<\/span><br role=\"presentation\" \/><span dir=\"ltr\" role=\"presentation\">Anton Kornd\u00f6rfer<\/span><br role=\"presentation\" \/><span dir=\"ltr\" role=\"presentation\">Quelle:<\/span><br role=\"presentation\" \/><span dir=\"ltr\" role=\"presentation\">https:\/\/www.e-recht24.de<\/span><\/p>\n<p>Kamillenweg 47<\/p>\n<p>50858 K\u00f6ln<\/p>\n","protected":false},"excerpt":{"rendered":"<p>Angaben gem\u00e4\u00df \u00a7 5 TMGAnton Kornd\u00f6rferKamillenweg 4750858 K\u00f6lnKontaktTelefon: 0171-177 06 88E-Mail: informant (KLAMMERAFFE) neopostmoderne.deRedaktionell verantwortlichAnton Kornd\u00f6rferQuelle:https:\/\/www.e-recht24.de Kamillenweg 47 50858 K\u00f6ln<\/p>\n","protected":false},"author":1,"featured_media":0,"parent":0,"menu_order":0,"comment_status":"open","ping_status":"open","template":"","meta":[],"_links":{"self":[{"href":"https:\/\/www.neopostmoderne.de\/index.php?rest_route=\/wp\/v2\/pages\/14"}],"collection":[{"href":"https:\/\/www.neopostmoderne.de\/index.php?rest_route=\/wp\/v2\/pages"}],"about":[{"href":"https:\/\/www.neopostmoderne.de\/index.php?rest_route=\/wp\/v2\/types\/page"}],"author":[{"embeddable":true,"href":"https:\/\/www.neopostmoderne.de\/index.php?rest_route=\/wp\/v2\/users\/1"}],"replies":[{"embeddable":true,"href":"https:\/\/www.neopostmoderne.de\/index.php?rest_route=%2Fwp%2Fv2%2Fcomments&post=14"}],"version-history":[{"count":8,"href":"https:\/\/www.neopostmoderne.de\/index.php?rest_route=\/wp\/v2\/pages\/14\/revisions"}],"predecessor-version":[{"id":171,"href":"https:\/\/www.neopostmoderne.de\/index.php?rest_route=\/wp\/v2\/pages\/14\/revisions\/171"}],"wp:attachment":[{"href":"https:\/\/www.neopostmoderne.de\/index.php?rest_route=%2Fwp%2Fv2%2Fmedia&parent=14"}],"curies":[{"name":"wp","href":"https:\/\/api.w.org\/{rel}","templated":true}]}}